{"id":155,"date":"2020-10-04T18:08:18","date_gmt":"2020-10-04T18:08:18","guid":{"rendered":"http:\/\/schuhr-anwaelte.de\/?page_id=155"},"modified":"2025-05-28T11:38:20","modified_gmt":"2025-05-28T11:38:20","slug":"kanzlei","status":"publish","type":"page","link":"https:\/\/schuhr-anwaelte.de\/index.php\/kanzlei\/","title":{"rendered":"Kanzlei"},"content":{"rendered":"<hr>\n<h1>\n<p>WIR VERHELFEN<br \/> IHNEN ZU IHREM RECHT.<\/p>\n<\/h1>\n<h1>\n<p>TELEFON: 04731 &#8211; 60 51<br \/>E-MAIL: INFO@SCHUHR-ANWAELTE.DE<\/p>\n<\/h1>\n<div>\n<p>    <a id=\"custom-overlay\" href=\"tel:047318694992\"><br \/>\n  Wir sind so nah, <br \/> wie das n\u00e4chste Telefon:<br \/><span id=\"custom-overlay-phone\">04731 &#8211; 60 51<\/span><br \/>\n<\/a>\n<\/div>\n<h1>KANZLEI <br \/>SCHUHR UND PARTNER<\/h1>\n<div>\n<p>Die Kanzlei Schuhr und Partner wurde im Jahre 1927 von Martin Rodiek gegr\u00fcndet und ist die \u00e4lteste Rechtsanwalts- und Notarkanzlei in Nordenham. In ihrer heutigen Form schl\u00e4gt sie eine Br\u00fccke zwischen Tradition und Moderne. Die Kanzlei hat ihren T\u00e4tigkeitsschwerpunkt in der Region, dar\u00fcber hinaus sind wir in einigen Rechtsgebieten auch deutschlandweit t\u00e4tig.<\/p>\n<p>\u00a0<\/p>\n<p>Wir betreuen unsere Mandantschaft wertfrei, neutral und mit gleichbleibender Sorgfalt und Zuverl\u00e4ssigkeit. Unsere besondere St\u00e4rke ist die Zusammenarbeit im Team, in das jeder seine besonderen Qualifikationen zum Besten f\u00fcr unsere Mandantschaft einbringt. Durch modernste technische Ausstattung k\u00f6nnen wir eine effektive Mandatsabwicklung gew\u00e4hrleisten.<\/p>\n<p>Alle Partner der Kanzlei sind Mitglied im Oldenburger Anwalts- und Notarverein.<\/p>\n<\/div>\n<h1>Rechtsgebiete<\/h1>\n<ul>\n<li>\n<div>\n<p>ARBEITSRECHT<\/p>\n<\/div>\n<\/li>\n<li>\n<div>\n<p>ARZT- \/ MEDIZINRECHT<\/p>\n<\/div>\n<\/li>\n<li>\n<div>\n<p>BANKRECHT<\/p>\n<\/div>\n<\/li>\n<li>\n<div>\n<p>BAURECHT<\/p>\n<\/div>\n<\/li>\n<li>\n<div>\n<p>COMPUTERRECHT<\/p>\n<\/div>\n<\/li>\n<li>\n<div>\n<p>ERBRECHT<\/p>\n<\/div>\n<\/li>\n<li>\n<div>\n<p>FAMILIENRECHT<\/p>\n<\/div>\n<\/li>\n<li>\n<div>\n<p>F\u00dcHRERSCHEINRECHT<\/p>\n<\/div>\n<\/li>\n<li>\n<div>\n<p>GEWERBLICHER RECHTSSCHUTZ<\/p>\n<\/div>\n<\/li>\n<\/ul>\n<ul>\n<li>\n<div>\n<p>HANDELS- UND GESELLSCHAFTSRECHT<\/p>\n<\/div>\n<\/li>\n<li>\n<div>\n<p>INKASSORECHT<\/p>\n<\/div>\n<\/li>\n<li>\n<div>\n<p>INTERNETRECHT<\/p>\n<\/div>\n<\/li>\n<li>\n<div>\n<p>LANDWIRTSCHAFTSRECHT<\/p>\n<\/div>\n<\/li>\n<li>\n<div>\n<p>MIETRECHT<\/p>\n<\/div>\n<\/li>\n<li>\n<div>\n<p>NACHBARRECHT<\/p>\n<\/div>\n<\/li>\n<li>\n<div>\n<p>ORDNUNGSWIDRIGKEITEN<\/p>\n<\/div>\n<\/li>\n<li>\n<div>\n<p>SOZIALRECHT<\/p>\n<\/div>\n<\/li>\n<li>\n<div>\n<p>STRAFRECHT<\/p>\n<\/div>\n<\/li>\n<\/ul>\n<ul>\n<li>\n<div>\n<p>VERKEHRSRECHT<\/p>\n<\/div>\n<\/li>\n<li>\n<div>\n<p>VERSICHERUNGSRECHT<\/p>\n<\/div>\n<\/li>\n<li>\n<div>\n<p>VERTRAGSRECHT<\/p>\n<\/div>\n<\/li>\n<li>\n<div>\n<p>VERWALTUNGSRECHT<\/p>\n<\/div>\n<\/li>\n<li>\n<div>\n<p>WETTBEWERBSRECHT<\/p>\n<\/div>\n<\/li>\n<li>\n<div>\n<p>WOHNUNGSEIGENTUMSRECHT<\/p>\n<\/div>\n<\/li>\n<li>\n<div>\n<p>ZIVILRECHT<\/p>\n<\/div>\n<\/li>\n<li>\n<div>\n<p>ZWANGSVOLLSTRECKUNGSRECHT<\/p>\n<\/div>\n<\/li>\n<\/ul>\n<div>\n<h3>Hier klicken zum Ansehen<\/h3>\n<div>\n<ul class=\"uk-list uk-list-large\" data-id=\"page#2-1-0-0\">\n<li class=\"el-item\">\n<div class=\"el-content uk-panel uk-text-bold\">\n<p>ARBEITSRECHT<\/p>\n<\/div>\n<\/li>\n<li class=\"el-item\">\n<div class=\"el-content uk-panel uk-text-bold\">\n<p>ARZT- \/ MEDIZINRECHT<\/p>\n<\/div>\n<\/li>\n<li class=\"el-item\">\n<div class=\"el-content uk-panel uk-text-bold\">\n<p>BANKRECHT<\/p>\n<\/div>\n<\/li>\n<li class=\"el-item\">\n<div class=\"el-content uk-panel uk-text-bold\">\n<p>BAURECHT<\/p>\n<\/div>\n<\/li>\n<li class=\"el-item\">\n<div class=\"el-content uk-panel uk-text-bold\">\n<p>COMPUTERRECHT<\/p>\n<\/div>\n<\/li>\n<li class=\"el-item\">\n<div class=\"el-content uk-panel uk-text-bold\">\n<p>ERBRECHT<\/p>\n<\/div>\n<\/li>\n<li class=\"el-item\">\n<div class=\"el-content uk-panel uk-text-bold\">\n<p>FAMILIENRECHT<\/p>\n<\/div>\n<\/li>\n<li class=\"el-item\">\n<div class=\"el-content uk-panel uk-text-bold\">\n<p>F\u00dcHRERSCHEINRECHT<\/p>\n<\/div>\n<\/li>\n<li class=\"el-item\">\n<div class=\"el-content uk-panel uk-text-bold\">\n<p>GEWERBLICHER RECHTSSCHUTZ<\/p>\n<\/div>\n<\/li>\n<li class=\"el-item\">\n<div class=\"el-content uk-panel uk-text-bold\">\n<p>HANDELS- UND GESELLSCHAFTSRECHT<\/p>\n<\/div>\n<\/li>\n<li class=\"el-item\">\n<div class=\"el-content uk-panel uk-text-bold\">\n<p>INKASSORECHT<\/p>\n<\/div>\n<\/li>\n<li class=\"el-item\">\n<div class=\"el-content uk-panel uk-text-bold\">\n<p>INTERNETRECHT<\/p>\n<\/div>\n<\/li>\n<li class=\"el-item\">\n<div class=\"el-content uk-panel uk-text-bold\">\n<p>LANDWIRTSCHAFTSRECHT<\/p>\n<\/div>\n<\/li>\n<li class=\"el-item\">\n<div class=\"el-content uk-panel uk-text-bold\">\n<p>MIETRECHT<\/p>\n<\/div>\n<\/li>\n<li class=\"el-item\">\n<div class=\"el-content uk-panel uk-text-bold\">\n<p>NACHBARRECHT<\/p>\n<\/div>\n<\/li>\n<li class=\"el-item\">\n<div class=\"el-content uk-panel uk-text-bold\">\n<p>ORDNUNGSWIDRIGKEITEN<\/p>\n<\/div>\n<\/li>\n<li class=\"el-item\">\n<div class=\"el-content uk-panel uk-text-bold\">\n<p>SOZIALRECHT<\/p>\n<\/div>\n<\/li>\n<li class=\"el-item\">\n<div class=\"el-content uk-panel uk-text-bold\">\n<p>STRAFRECHT<\/p>\n<\/div>\n<\/li>\n<li class=\"el-item\">\n<div class=\"el-content uk-panel uk-text-bold\">\n<p>VERKEHRSRECHT<\/p>\n<\/div>\n<\/li>\n<li class=\"el-item\">\n<div class=\"el-content uk-panel uk-text-bold\">\n<p>VERSICHERUNGSRECHT<\/p>\n<\/div>\n<\/li>\n<li class=\"el-item\">\n<div class=\"el-content uk-panel uk-text-bold\">\n<p>VERTRAGSRECHT<\/p>\n<\/div>\n<\/li>\n<li class=\"el-item\">\n<div class=\"el-content uk-panel uk-text-bold\">\n<p>VERWALTUNGSRECHT<\/p>\n<\/div>\n<\/li>\n<li class=\"el-item\">\n<div class=\"el-content uk-panel uk-text-bold\">\n<p>WETTBEWERBSRECHT<\/p>\n<\/div>\n<\/li>\n<li class=\"el-item\">\n<div class=\"el-content uk-panel uk-text-bold\">\n<p>WOHNUNGSEIGENTUMSRECHT<\/p>\n<\/div>\n<\/li>\n<li class=\"el-item\">\n<div class=\"el-content uk-panel uk-text-bold\">\n<p>ZIVILRECHT<\/p>\n<\/div>\n<\/li>\n<li class=\"el-item\">\n<div class=\"el-content uk-panel uk-text-bold\">\n<p>ZWANGSVOLLSTRECKUNGSRECHT<\/p>\n<\/div>\n<\/li>\n<\/ul>\n<\/div>\n<\/div>\n<div>\n<h3>WICHTIGE MERKBL\u00c4TTER <br \/> UND FORMULARE<\/h3>\n<\/div>\n<ul>\n<li>\n<h3>FRAGEBOGEN ZUM VERSORGUNGSAUSGLEICH<\/h3>\n<p><a href=\"\/wp-content\/uploads\/2020\/11\/V_10_Fragebogen_zum_Versorgungsausgleich__2.18_.pdf\"><\/a><\/p>\n<\/li>\n<li>\n<h3>ANTRAG F\u00dcR PROZESS- UND VERFAHRENSKOSTENHILFE<\/h3>\n<p><a href=\"\/wp-content\/uploads\/2020\/11\/JV_205_-_Erklrung_ber_die_persnlichen_und_wirtschaftlichen_Verhltnisse_6.17_-_Formular.pdf\"><\/a><\/p>\n<\/li>\n<li>\n<h3>MERKBLATT PROZESSKOSTENHILFE<\/h3>\n<p><a href=\"\/wp-content\/uploads\/2020\/11\/JV_205__Hinweisblatt___6.17_.pdf\"><\/a><\/p>\n<\/li>\n<li>\n<h3>PROZESSVOLLMACHT<\/h3>\n<p><a href=\"\/wp-content\/uploads\/2025\/05\/Prozessvollmacht.pdf\"><\/a><\/p>\n<\/li>\n<li>\n<h3>ANTRAG AUF BEWILLIGUNG VON BERATUNGSHILFE<\/h3>\n<p><a href=\"\/wp-content\/uploads\/2021\/09\/Antrag-Beratungshilfe.pdf\"><\/a><\/p>\n<\/li>\n<li>\n<h3>MERKBLATT BERATUNGSHILFE<\/h3>\n<p><a href=\"\/wp-content\/uploads\/2021\/09\/Hinweisblatt-Beratungshilfe.pdf\"><\/a><\/p>\n<\/li>\n<\/ul>\n<p><!--more--><br \/>\n<!-- {\"name\":\"Home\",\"type\":\"layout\",\"children\":[{\"type\":\"section\",\"props\":{\"class\":\"top-item\",\"height\":\"full\",\"image\":\"wp-content\\\/uploads\\\/2020\\\/10\\\/Schuhr__DSC0767-min-scaled.jpg\",\"image_effect\":\"fixed\",\"image_position\":\"center-center\",\"image_size\":\"cover\",\"style\":\"default\",\"title_breakpoint\":\"xl\",\"title_position\":\"top-left\",\"title_rotation\":\"left\",\"vertical_align\":\"\",\"width\":\"xlarge\"},\"children\":[{\"type\":\"row\",\"children\":[{\"type\":\"column\",\"props\":{\"image_position\":\"center-center\",\"position_sticky_breakpoint\":\"m\",\"width_medium\":\"1-2\"},\"children\":[{\"type\":\"divider\",\"props\":{\"css\":\".el-element{\\nvisibility: hidden;\\n}\",\"divider_element\":\"hr\",\"margin\":\"xlarge\"}},{\"type\":\"headline\",\"props\":{\"content\":\"\n\n<p>WIR VERHELFEN<br \\\/> IHNEN ZU IHREM RECHT.<\\\/p>\",\"text_align\":\"center\",\"title_element\":\"h1\"}},{\"type\":\"headline\",\"props\":{\"content\":\"\n\n<p>TELEFON: 04731 - 60 51<br \\\/>E-MAIL: INFO@SCHUHR-ANWAELTE.DE<\\\/p>\",\"text_align\":\"center\",\"title_element\":\"h1\",\"title_style\":\"h4\"}}]},{\"type\":\"column\",\"props\":{\"image_position\":\"center-center\",\"position_sticky_breakpoint\":\"m\",\"width_medium\":\"1-2\"}}],\"props\":{\"column_gap\":\"collapse\",\"layout\":\"1-2,1-2\",\"match\":false,\"row_gap\":\"collapse\",\"width\":\"expand\"}},{\"type\":\"row\",\"children\":[{\"type\":\"column\",\"props\":{\"image_position\":\"center-center\",\"position_sticky_breakpoint\":\"m\"},\"children\":[{\"type\":\"html\",\"props\":{\"content\":\"<a id=\\\"custom-overlay\\\" href=\\\"tel:047318694992\\\">\\n  Wir sind so nah, <br \\\/> wie das n\\u00e4chste Telefon:<br \\\/><span id=\\\"custom-overlay-phone\\\">04731 - 60 51<\\\/span>\\n<\\\/a>\"},\"name\":\"St\\u00f6rer\"}]}]}],\"name\":\"Header\"},{\"type\":\"section\",\"props\":{\"image\":\"wp-content\\\/uploads\\\/2020\\\/10\\\/Schuhr__DSC0767-min-scaled.jpg\",\"image_effect\":\"fixed\",\"image_position\":\"center-center\",\"image_size\":\"cover\",\"media_overlay\":\"rgba(112, 112, 112, 0.7)\",\"preserve_color\":false,\"style\":\"primary\",\"title_breakpoint\":\"xl\",\"title_position\":\"top-left\",\"title_rotation\":\"left\",\"vertical_align\":\"middle\",\"width\":\"large\"},\"children\":[{\"type\":\"row\",\"children\":[{\"type\":\"column\",\"props\":{\"image_position\":\"center-center\",\"position_sticky_breakpoint\":\"m\"},\"children\":[{\"type\":\"headline\",\"props\":{\"content\":\"KANZLEI <br \\\/>SCHUHR UND PARTNER\",\"text_align\":\"center\",\"title_color\":\"primary\",\"title_element\":\"h1\"}}]}]},{\"type\":\"row\",\"children\":[{\"type\":\"column\",\"props\":{\"image_position\":\"center-center\",\"position_sticky_breakpoint\":\"m\"},\"children\":[{\"type\":\"text\",\"props\":{\"column_breakpoint\":\"m\",\"content\":\"\n\n<p>Die Kanzlei Schuhr und Partner wurde im Jahre 1927 von Martin Rodiek gegr\\u00fcndet und ist die \\u00e4lteste Rechtsanwalts- und Notarkanzlei in Nordenham. In ihrer heutigen Form schl\\u00e4gt sie eine Br\\u00fccke zwischen Tradition und Moderne. Die Kanzlei hat ihren T\\u00e4tigkeitsschwerpunkt in der Region, dar\\u00fcber hinaus sind wir in einigen Rechtsgebieten auch deutschlandweit t\\u00e4tig.<\\\/p>\\n\n\n<p>\\u00a0<\\\/p>\\n\n\n<p>Wir betreuen unsere Mandantschaft wertfrei, neutral und mit gleichbleibender Sorgfalt und Zuverl\\u00e4ssigkeit. Unsere besondere St\\u00e4rke ist die Zusammenarbeit im Team, in das jeder seine besonderen Qualifikationen zum Besten f\\u00fcr unsere Mandantschaft einbringt. Durch modernste technische Ausstattung k\\u00f6nnen wir eine effektive Mandatsabwicklung gew\\u00e4hrleisten.<\\\/p>\\n\n\n<p>Alle Partner der Kanzlei sind Mitglied im Oldenburger Anwalts- und Notarverein.<\\\/p>\",\"margin\":\"default\",\"text_color\":\"primary\",\"text_style\":\"lead\"}}]}]}]},{\"type\":\"section\",\"props\":{\"image\":\"wp-content\\\/uploads\\\/2020\\\/10\\\/Schuhr__DSC0767-min-scaled.jpg\",\"image_effect\":\"fixed\",\"image_position\":\"center-center\",\"image_size\":\"cover\",\"padding\":\"large\",\"style\":\"secondary\",\"title_breakpoint\":\"xl\",\"title_position\":\"top-left\",\"title_rotation\":\"left\",\"vertical_align\":\"middle\",\"width\":\"xlarge\"},\"children\":[{\"type\":\"row\",\"children\":[{\"type\":\"column\",\"props\":{\"image_position\":\"center-center\",\"position_sticky_breakpoint\":\"m\"},\"children\":[{\"type\":\"headline\",\"props\":{\"content\":\"Rechtsgebiete\",\"title_element\":\"h1\"}}]}]},{\"type\":\"row\",\"props\":{\"layout\":\"1-3,1-3,1-3\"},\"children\":[{\"type\":\"column\",\"props\":{\"image_position\":\"center-center\",\"position_sticky_breakpoint\":\"m\",\"width_medium\":\"1-3\"},\"children\":[{\"type\":\"list\",\"props\":{\"column_breakpoint\":\"m\",\"content_style\":\"h4\",\"image_align\":\"left\",\"image_svg_color\":\"emphasis\",\"image_vertical_align\":true,\"list_element\":\"ul\",\"list_horizontal_separator\":\", \",\"list_size\":\"large\",\"list_type\":\"vertical\",\"show_image\":true,\"show_link\":true,\"visibility\":\"l\"},\"children\":[{\"type\":\"list_item\",\"props\":{\"content\":\"\n\n<p>ARBEITSRECHT<\\\/p>\"}},{\"type\":\"list_item\",\"props\":{\"content\":\"\n\n<p>ARZT- \\\/ MEDIZINRECHT<\\\/p>\"}},{\"type\":\"list_item\",\"props\":{\"content\":\"\n\n<p>BANKRECHT<\\\/p>\"}},{\"type\":\"list_item\",\"props\":{\"content\":\"\n\n<p>BAURECHT<\\\/p>\"}},{\"type\":\"list_item\",\"props\":{\"content\":\"\n\n<p>COMPUTERRECHT<\\\/p>\"}},{\"type\":\"list_item\",\"props\":{\"content\":\"\n\n<p>ERBRECHT<\\\/p>\"}},{\"type\":\"list_item\",\"props\":{\"content\":\"\n\n<p>FAMILIENRECHT<\\\/p>\"}},{\"type\":\"list_item\",\"props\":{\"content\":\"\n\n<p>F\\u00dcHRERSCHEINRECHT<\\\/p>\"}},{\"type\":\"list_item\",\"props\":{\"content\":\"\n\n<p>GEWERBLICHER RECHTSSCHUTZ<\\\/p>\"}}]}]},{\"type\":\"column\",\"props\":{\"image_position\":\"center-center\",\"position_sticky_breakpoint\":\"m\",\"width_medium\":\"1-3\"},\"children\":[{\"type\":\"list\",\"props\":{\"column_breakpoint\":\"m\",\"content_style\":\"h4\",\"image_align\":\"left\",\"image_svg_color\":\"emphasis\",\"image_vertical_align\":true,\"list_element\":\"ul\",\"list_horizontal_separator\":\", \",\"list_size\":\"large\",\"list_type\":\"vertical\",\"show_image\":true,\"show_link\":true,\"visibility\":\"l\"},\"children\":[{\"type\":\"list_item\",\"props\":{\"content\":\"\n\n<p>HANDELS- UND GESELLSCHAFTSRECHT<\\\/p>\"}},{\"type\":\"list_item\",\"props\":{\"content\":\"\n\n<p>INKASSORECHT<\\\/p>\"}},{\"type\":\"list_item\",\"props\":{\"content\":\"\n\n<p>INTERNETRECHT<\\\/p>\"}},{\"type\":\"list_item\",\"props\":{\"content\":\"\n\n<p>LANDWIRTSCHAFTSRECHT<\\\/p>\"}},{\"type\":\"list_item\",\"props\":{\"content\":\"\n\n<p>MIETRECHT<\\\/p>\"}},{\"type\":\"list_item\",\"props\":{\"content\":\"\n\n<p>NACHBARRECHT<\\\/p>\"}},{\"type\":\"list_item\",\"props\":{\"content\":\"\n\n<p>ORDNUNGSWIDRIGKEITEN<\\\/p>\"}},{\"type\":\"list_item\",\"props\":{\"content\":\"\n\n<p>SOZIALRECHT<\\\/p>\"}},{\"type\":\"list_item\",\"props\":{\"content\":\"\n\n<p>STRAFRECHT<\\\/p>\"}}]}]},{\"type\":\"column\",\"props\":{\"image_position\":\"center-center\",\"position_sticky_breakpoint\":\"m\",\"width_medium\":\"1-3\"},\"children\":[{\"type\":\"list\",\"props\":{\"column_breakpoint\":\"m\",\"content_style\":\"h4\",\"image_align\":\"left\",\"image_svg_color\":\"emphasis\",\"image_vertical_align\":true,\"list_element\":\"ul\",\"list_horizontal_separator\":\", \",\"list_size\":\"large\",\"list_type\":\"vertical\",\"show_image\":true,\"show_link\":true,\"visibility\":\"l\"},\"children\":[{\"type\":\"list_item\",\"props\":{\"content\":\"\n\n<p>VERKEHRSRECHT<\\\/p>\"}},{\"type\":\"list_item\",\"props\":{\"content\":\"\n\n<p>VERSICHERUNGSRECHT<\\\/p>\"}},{\"type\":\"list_item\",\"props\":{\"content\":\"\n\n<p>VERTRAGSRECHT<\\\/p>\"}},{\"type\":\"list_item\",\"props\":{\"content\":\"\n\n<p>VERWALTUNGSRECHT<\\\/p>\"}},{\"type\":\"list_item\",\"props\":{\"content\":\"\n\n<p>WETTBEWERBSRECHT<\\\/p>\"}},{\"type\":\"list_item\",\"props\":{\"content\":\"\n\n<p>WOHNUNGSEIGENTUMSRECHT<\\\/p>\"}},{\"type\":\"list_item\",\"props\":{\"content\":\"\n\n<p>ZIVILRECHT<\\\/p>\"}},{\"type\":\"list_item\",\"props\":{\"content\":\"\n\n<p>ZWANGSVOLLSTRECKUNGSRECHT<\\\/p>\"}}]}]}]},{\"type\":\"row\",\"children\":[{\"type\":\"column\",\"props\":{\"image_position\":\"center-center\",\"position_sticky_breakpoint\":\"m\"},\"children\":[{\"type\":\"accordion\",\"props\":{\"animation\":\"slide-right\",\"collapsible\":true,\"content_column_breakpoint\":\"m\",\"image_align\":\"top\",\"image_grid_breakpoint\":\"m\",\"image_grid_width\":\"1-2\",\"image_svg_color\":\"emphasis\",\"link_style\":\"default\",\"link_text\":\"Read more\",\"show_image\":true,\"show_link\":true,\"visibility\":\"hidden-l\"},\"children\":[{\"type\":\"accordion_item\",\"props\":{\"content\":\"\n\n<ul class=\\\"uk-list uk-list-large\\\" data-id=\\\"page#2-1-0-0\\\">\\n\n\n<li class=\\\"el-item\\\">\\n\n\n<div class=\\\"el-content uk-panel uk-text-bold\\\">\\n\n\n<p>ARBEITSRECHT<\\\/p>\\n<\\\/div>\\n<\\\/li>\\n\n\n<li class=\\\"el-item\\\">\\n\n\n<div class=\\\"el-content uk-panel uk-text-bold\\\">\\n\n\n<p>ARZT- \\\/ MEDIZINRECHT<\\\/p>\\n<\\\/div>\\n<\\\/li>\\n\n\n<li class=\\\"el-item\\\">\\n\n\n<div class=\\\"el-content uk-panel uk-text-bold\\\">\\n\n\n<p>BANKRECHT<\\\/p>\\n<\\\/div>\\n<\\\/li>\\n\n\n<li class=\\\"el-item\\\">\\n\n\n<div class=\\\"el-content uk-panel uk-text-bold\\\">\\n\n\n<p>BAURECHT<\\\/p>\\n<\\\/div>\\n<\\\/li>\\n\n\n<li class=\\\"el-item\\\">\\n\n\n<div class=\\\"el-content uk-panel uk-text-bold\\\">\\n\n\n<p>COMPUTERRECHT<\\\/p>\\n<\\\/div>\\n<\\\/li>\\n\n\n<li class=\\\"el-item\\\">\\n\n\n<div class=\\\"el-content uk-panel uk-text-bold\\\">\\n\n\n<p>ERBRECHT<\\\/p>\\n<\\\/div>\\n<\\\/li>\\n\n\n<li class=\\\"el-item\\\">\\n\n\n<div class=\\\"el-content uk-panel uk-text-bold\\\">\\n\n\n<p>FAMILIENRECHT<\\\/p>\\n<\\\/div>\\n<\\\/li>\\n\n\n<li class=\\\"el-item\\\">\\n\n\n<div class=\\\"el-content uk-panel uk-text-bold\\\">\\n\n\n<p>F\\u00dcHRERSCHEINRECHT<\\\/p>\\n<\\\/div>\\n<\\\/li>\\n\n\n<li class=\\\"el-item\\\">\\n\n\n<div class=\\\"el-content uk-panel uk-text-bold\\\">\\n\n\n<p>GEWERBLICHER RECHTSSCHUTZ<\\\/p>\\n<\\\/div>\\n<\\\/li>\\n\n\n<li class=\\\"el-item\\\">\\n\n\n<div class=\\\"el-content uk-panel uk-text-bold\\\">\\n\n\n<p>HANDELS- UND GESELLSCHAFTSRECHT<\\\/p>\\n<\\\/div>\\n<\\\/li>\\n\n\n<li class=\\\"el-item\\\">\\n\n\n<div class=\\\"el-content uk-panel uk-text-bold\\\">\\n\n\n<p>INKASSORECHT<\\\/p>\\n<\\\/div>\\n<\\\/li>\\n\n\n<li class=\\\"el-item\\\">\\n\n\n<div class=\\\"el-content uk-panel uk-text-bold\\\">\\n\n\n<p>INTERNETRECHT<\\\/p>\\n<\\\/div>\\n<\\\/li>\\n\n\n<li class=\\\"el-item\\\">\\n\n\n<div class=\\\"el-content uk-panel uk-text-bold\\\">\\n\n\n<p>LANDWIRTSCHAFTSRECHT<\\\/p>\\n<\\\/div>\\n<\\\/li>\\n\n\n<li class=\\\"el-item\\\">\\n\n\n<div class=\\\"el-content uk-panel uk-text-bold\\\">\\n\n\n<p>MIETRECHT<\\\/p>\\n<\\\/div>\\n<\\\/li>\\n\n\n<li class=\\\"el-item\\\">\\n\n\n<div class=\\\"el-content uk-panel uk-text-bold\\\">\\n\n\n<p>NACHBARRECHT<\\\/p>\\n<\\\/div>\\n<\\\/li>\\n\n\n<li class=\\\"el-item\\\">\\n\n\n<div class=\\\"el-content uk-panel uk-text-bold\\\">\\n\n\n<p>ORDNUNGSWIDRIGKEITEN<\\\/p>\\n<\\\/div>\\n<\\\/li>\\n\n\n<li class=\\\"el-item\\\">\\n\n\n<div class=\\\"el-content uk-panel uk-text-bold\\\">\\n\n\n<p>SOZIALRECHT<\\\/p>\\n<\\\/div>\\n<\\\/li>\\n\n\n<li class=\\\"el-item\\\">\\n\n\n<div class=\\\"el-content uk-panel uk-text-bold\\\">\\n\n\n<p>STRAFRECHT<\\\/p>\\n<\\\/div>\\n<\\\/li>\\n\n\n<li class=\\\"el-item\\\">\\n\n\n<div class=\\\"el-content uk-panel uk-text-bold\\\">\\n\n\n<p>VERKEHRSRECHT<\\\/p>\\n<\\\/div>\\n<\\\/li>\\n\n\n<li class=\\\"el-item\\\">\\n\n\n<div class=\\\"el-content uk-panel uk-text-bold\\\">\\n\n\n<p>VERSICHERUNGSRECHT<\\\/p>\\n<\\\/div>\\n<\\\/li>\\n\n\n<li class=\\\"el-item\\\">\\n\n\n<div class=\\\"el-content uk-panel uk-text-bold\\\">\\n\n\n<p>VERTRAGSRECHT<\\\/p>\\n<\\\/div>\\n<\\\/li>\\n\n\n<li class=\\\"el-item\\\">\\n\n\n<div class=\\\"el-content uk-panel uk-text-bold\\\">\\n\n\n<p>VERWALTUNGSRECHT<\\\/p>\\n<\\\/div>\\n<\\\/li>\\n\n\n<li class=\\\"el-item\\\">\\n\n\n<div class=\\\"el-content uk-panel uk-text-bold\\\">\\n\n\n<p>WETTBEWERBSRECHT<\\\/p>\\n<\\\/div>\\n<\\\/li>\\n\n\n<li class=\\\"el-item\\\">\\n\n\n<div class=\\\"el-content uk-panel uk-text-bold\\\">\\n\n\n<p>WOHNUNGSEIGENTUMSRECHT<\\\/p>\\n<\\\/div>\\n<\\\/li>\\n\n\n<li class=\\\"el-item\\\">\\n\n\n<div class=\\\"el-content uk-panel uk-text-bold\\\">\\n\n\n<p>ZIVILRECHT<\\\/p>\\n<\\\/div>\\n<\\\/li>\\n\n\n<li class=\\\"el-item\\\">\\n\n\n<div class=\\\"el-content uk-panel uk-text-bold\\\">\\n\n\n<p>ZWANGSVOLLSTRECKUNGSRECHT<\\\/p>\\n<\\\/div>\\n<\\\/li>\\n<\\\/ul>\",\"title\":\"Hier klicken zum Ansehen\"}}]}]}]}]},{\"type\":\"section\",\"props\":{\"height\":\"percent\",\"id\":\"dokumente\",\"image\":\"wp-content\\\/uploads\\\/2020\\\/10\\\/Schuhr__DSC0701-EBV-min-scaled.jpg\",\"image_effect\":\"fixed\",\"image_position\":\"top-center\",\"image_size\":\"cover\",\"style\":\"default\",\"title_breakpoint\":\"xl\",\"title_position\":\"top-left\",\"title_rotation\":\"left\",\"vertical_align\":\"middle\",\"width\":\"default\"},\"children\":[{\"type\":\"row\",\"children\":[{\"type\":\"column\",\"props\":{\"image_position\":\"center-center\",\"position_sticky_breakpoint\":\"m\"},\"children\":[{\"type\":\"panel\",\"props\":{\"content_column_breakpoint\":\"m\",\"icon_width\":80,\"image_align\":\"top\",\"image_grid_breakpoint\":\"m\",\"image_grid_width\":\"1-2\",\"image_svg_color\":\"emphasis\",\"link_style\":\"default\",\"link_text\":\"Read more\",\"margin\":\"medium\",\"meta_align\":\"below-title\",\"meta_element\":\"div\",\"meta_style\":\"text-meta\",\"text_align\":\"center\",\"title\":\"WICHTIGE MERKBL\\u00c4TTER <br \\\/> UND FORMULARE\",\"title_align\":\"top\",\"title_element\":\"h3\",\"title_grid_breakpoint\":\"m\",\"title_grid_width\":\"1-2\",\"title_hover_style\":\"reset\",\"title_style\":\"heading-small\"}},{\"type\":\"grid\",\"props\":{\"content_column_breakpoint\":\"m\",\"filter_align\":\"left\",\"filter_all\":true,\"filter_grid_breakpoint\":\"m\",\"filter_grid_width\":\"auto\",\"filter_position\":\"top\",\"filter_style\":\"tab\",\"grid_column_align\":false,\"grid_default\":\"1\",\"grid_divider\":false,\"grid_medium\":\"2\",\"grid_row_align\":true,\"icon_width\":80,\"image_align\":\"top\",\"image_grid_breakpoint\":\"m\",\"image_grid_width\":\"1-2\",\"image_svg_color\":\"emphasis\",\"item_animation\":true,\"link_style\":\"default\",\"link_text\":\"\",\"margin\":\"default\",\"meta_align\":\"below-title\",\"meta_element\":\"div\",\"meta_style\":\"text-meta\",\"panel_link\":true,\"panel_padding\":\"small\",\"panel_style\":\"card-secondary\",\"parallax_easing\":\"1\",\"show_content\":true,\"show_image\":true,\"show_link\":true,\"show_meta\":true,\"show_title\":true,\"title_align\":\"top\",\"title_element\":\"h3\",\"title_grid_breakpoint\":\"m\",\"title_grid_width\":\"1-2\",\"title_hover_style\":\"reset\",\"title_style\":\"h3\"},\"children\":[{\"type\":\"grid_item\",\"props\":{\"content\":\"\",\"link\":\"wp-content\\\/uploads\\\/2020\\\/11\\\/V_10_Fragebogen_zum_Versorgungsausgleich__2.18_.pdf\",\"title\":\"FRAGEBOGEN ZUM VERSORGUNGSAUSGLEICH\"}},{\"type\":\"grid_item\",\"props\":{\"link\":\"wp-content\\\/uploads\\\/2020\\\/11\\\/JV_205_-_Erklrung_ber_die_persnlichen_und_wirtschaftlichen_Verhltnisse_6.17_-_Formular.pdf\",\"title\":\"ANTRAG F\\u00dcR PROZESS- UND VERFAHRENSKOSTENHILFE\"}},{\"type\":\"grid_item\",\"props\":{\"link\":\"wp-content\\\/uploads\\\/2020\\\/11\\\/JV_205__Hinweisblatt___6.17_.pdf\",\"title\":\"MERKBLATT PROZESSKOSTENHILFE\"}},{\"type\":\"grid_item\",\"props\":{\"link\":\"wp-content\\\/uploads\\\/2025\\\/05\\\/Prozessvollmacht.pdf\",\"title\":\"PROZESSVOLLMACHT\"}},{\"type\":\"grid_item\",\"props\":{\"link\":\"wp-content\\\/uploads\\\/2021\\\/09\\\/Antrag-Beratungshilfe.pdf\",\"title\":\"ANTRAG AUF BEWILLIGUNG VON BERATUNGSHILFE\"}},{\"type\":\"grid_item\",\"props\":{\"link\":\"wp-content\\\/uploads\\\/2021\\\/09\\\/Hinweisblatt-Beratungshilfe.pdf\",\"title\":\"MERKBLATT BERATUNGSHILFE\"}}]}]}],\"props\":{\"match\":true,\"width\":\"expand\"}}]}],\"version\":\"4.2.9\"} --><\/p>\n","protected":false},"excerpt":{"rendered":"<p>WIR VERHELFEN IHNEN ZU IHREM RECHT. TELEFON: 04731 &#8211; 60 51E-MAIL: INFO@SCHUHR-ANWAELTE.DE Wir sind so nah, wie das n\u00e4chste Telefon:04731 &#8211; 60 51 KANZLEI SCHUHR UND PARTNER Die Kanzlei Schuhr und Partner wurde im Jahre 1927 von Martin Rodiek gegr\u00fcndet und ist die \u00e4lteste Rechtsanwalts- und Notarkanzlei in Nordenham. In ihrer heutigen Form schl\u00e4gt sie [&hellip;]<\/p>\n","protected":false},"author":1,"featured_media":0,"parent":0,"menu_order":0,"comment_status":"closed","ping_status":"closed","template":"","meta":{"footnotes":""},"_links":{"self":[{"href":"https:\/\/schuhr-anwaelte.de\/index.php\/wp-json\/wp\/v2\/pages\/155"}],"collection":[{"href":"https:\/\/schuhr-anwaelte.de\/index.php\/wp-json\/wp\/v2\/pages"}],"about":[{"href":"https:\/\/schuhr-anwaelte.de\/index.php\/wp-json\/wp\/v2\/types\/page"}],"author":[{"embeddable":true,"href":"https:\/\/schuhr-anwaelte.de\/index.php\/wp-json\/wp\/v2\/users\/1"}],"replies":[{"embeddable":true,"href":"https:\/\/schuhr-anwaelte.de\/index.php\/wp-json\/wp\/v2\/comments?post=155"}],"version-history":[{"count":90,"href":"https:\/\/schuhr-anwaelte.de\/index.php\/wp-json\/wp\/v2\/pages\/155\/revisions"}],"predecessor-version":[{"id":1327,"href":"https:\/\/schuhr-anwaelte.de\/index.php\/wp-json\/wp\/v2\/pages\/155\/revisions\/1327"}],"wp:attachment":[{"href":"https:\/\/schuhr-anwaelte.de\/index.php\/wp-json\/wp\/v2\/media?parent=155"}],"curies":[{"name":"wp","href":"https:\/\/api.w.org\/{rel}","templated":true}]}}