{"id":213,"date":"2020-10-04T18:45:55","date_gmt":"2020-10-04T18:45:55","guid":{"rendered":"http:\/\/schuhr-anwaelte.de\/?page_id=213"},"modified":"2025-05-14T09:33:53","modified_gmt":"2025-05-14T09:33:53","slug":"notariat","status":"publish","type":"page","link":"https:\/\/schuhr-anwaelte.de\/index.php\/notariat\/","title":{"rendered":"Notariat"},"content":{"rendered":"<hr>\n<h1>\n<p>NOTARE F\u00dcR IHRE<br \/>PERS\u00d6NLICHEN ANGELEGENHEITEN<\/p>\n<\/h1>\n<h1>\n<p>NOTARE F\u00dcR IHRE<br \/>PERS\u00d6NLICHEN ANGELEGENHEITEN<\/p>\n<\/h1>\n<h1>TELEFON: 04731 &#8211; 60 51<br \/>E-MAIL: INFO@SCHUHR-ANWAELTE.DE<\/h1>\n<h1>TELEFON: 04731 &#8211; 60 51<br \/>E-MAIL: INFO@SCHUHR-ANWAELTE.DE<\/h1>\n<ul>\n<li>\n<h3>J. Richter<\/h3>\n<div>\n<p>Rechtsanwalt &amp; Notar<\/p>\n<\/div>\n<p><a href=\"http:\/\/schuhr-anwaelte.de\/index.php\/anwaelte\/#richter\"><\/a><\/p>\n<\/li>\n<li>\n<h3>A. Schuhr<\/h3>\n<div>\n<p>Rechtsanwalt &amp; Notar<\/p>\n<\/div>\n<p><a href=\"http:\/\/schuhr-anwaelte.de\/index.php\/anwaelte\/#schuhr\"><\/a><\/p>\n<\/li>\n<li>\n<h3>S. Hartwich<\/h3>\n<div>\n<p>Rechtsanwalt &amp; Notar<\/p>\n<\/div>\n<p><a href=\"http:\/\/schuhr-anwaelte.de\/index.php\/anwaelte\/#hartwich\"><\/a><\/p>\n<\/li>\n<li>\n<h3>L. Glevitzky <\/h3>\n<div>Rechtsanw\u00e4ltin &#038; Notarin<\/div>\n<p><a href=\"http:\/\/schuhr-anwaelte.de\/index.php\/anwaelte\/#richter\"><\/a><\/p>\n<\/li>\n<\/ul>\n<h1>NOTARE<br \/>BEGLAUBIGUNGEN &amp; BEURKUNDUNGEN<\/h1>\n<div>\n<p>Als Notare begleiten wir Sie in vielen entscheidenden Situationen Ihres Lebens, sei es beim Kauf oder Verkauf einer Immobilie, dem Abschluss eines Ehevertrages, der Gestaltung Ihres Testamentes, aber z. B. auch bei der Gr\u00fcndung oder Erwerb eines Unternehmens.<\/p>\n<p>All diese Momente sind f\u00fcr Sie nicht nur von gro\u00dfer pers\u00f6nlicher Bedeutung, sondern auch von weitreichender rechtlicher und wirtschaftlicher Tragweite.<\/p>\n<p>Aus diesem Grund ist die Beteiligung eines Notars sogar vielfach gesetzlich vorgeschrieben.<\/p>\n<p>Die notarielle Beratung bietet die Gew\u00e4hr f\u00fcr die sichere rechtliche Umsetzung ihrer W\u00fcnsche und vermeidet rechtliche Risiken.<\/p>\n<p>Als\u00a0Notare\u00a0sind wir dabei Tr\u00e4ger eines \u00f6ffentlichen Amtes. Das bedeutet, dass wir unparteiisch beraten, die berechtigten Interessen aller Beteiligten ber\u00fccksichtigen und zum Ausgleich bringen m\u00fcssen.<\/p>\n<p>Wir und unsere Mitarbeiterinnen machen es uns zur Aufgabe, f\u00fcr Sie freundlich, kompetent und schnell t\u00e4tig zu sein. Dabei stellen wir die pers\u00f6nliche Beratung in den Vordergrund, mit dem Ziel, individuelle L\u00f6sungen f\u00fcr Ihre Situation zu finden.<\/p>\n<p>Notarielle Dienstleitungen erbringen wir insbesondere in den Bereichen des Immobilien- und Gesellschaftsrechtes sowie des Erb- und Familienrechtes. Dazu geh\u00f6ren typischerweise:<\/p>\n<ul>\n<li>der Kauf und Verkauf von Immobilien jeglicher Art<br \/>(z.B. H\u00e4user, Baupl\u00e4tze, Eigentumswohnungen, Erbbaurechte)<\/li>\n<li>Bestellung und L\u00f6schung von Grundst\u00fccksrechten, z.B. Grundschulden, Hypotheken, Dienstbarkeiten<\/li>\n<li>Bildung von Wohnungseigentum, Bautr\u00e4gervertr\u00e4ge<\/li>\n<li>Grundbesitz\u00fcbertragungen<\/li>\n<li>Testamente, Erbvertr\u00e4ge,<\/li>\n<li>Erbscheinsantr\u00e4ge und Erbauseinandersetzungsvertr\u00e4ge<\/li>\n<li>die Gr\u00fcndung von Gesellschaften, insbesondere von GmbH, GmbH &amp; Co. KG und UG, einschlie\u00dflich der \u00c4nderung von Gesellschaftsvertr\u00e4gen bzw. Satzungen,<\/li>\n<li>alle Anmeldungen zu Registergerichten, wie Handels-, Vereins- und Genossenschaftsregister<\/li>\n<li>Vollmachten, insbesondere auch Vorsorge-\/Generalvollmachten und Patientenverf\u00fcgungen<\/li>\n<li>Ehevertr\u00e4ge, Partnerschaftsvertr\u00e4ge und Ehescheidungsfolgenvereinbarungen<\/li>\n<li>\u00f6ffentliche Beglaubigungen und beglaubigte Kopien<\/li>\n<\/ul>\n<\/div>\n<p><!--more--><br \/>\n<!-- {\"name\":\"Home\",\"type\":\"layout\",\"children\":[{\"type\":\"section\",\"props\":{\"class\":\"top-item\",\"height\":\"full\",\"image\":\"wp-content\\\/uploads\\\/2020\\\/10\\\/Schuhr__DSC0743-min-scaled.jpg\",\"image_effect\":\"fixed\",\"image_position\":\"center-center\",\"image_size\":\"cover\",\"padding\":\"none\",\"style\":\"default\",\"title_breakpoint\":\"xl\",\"title_position\":\"top-left\",\"title_rotation\":\"left\",\"vertical_align\":\"middle\",\"width\":\"xlarge\"},\"children\":[{\"type\":\"row\",\"children\":[{\"type\":\"column\",\"props\":{\"image_position\":\"center-center\",\"position_sticky_breakpoint\":\"m\",\"width_medium\":\"1-2\"}},{\"type\":\"column\",\"props\":{\"image_position\":\"center-center\",\"position_sticky_breakpoint\":\"m\",\"width_medium\":\"1-2\"},\"children\":[{\"type\":\"divider\",\"props\":{\"css\":\".el-element{\\nvisibility: hidden;\\n}\",\"divider_element\":\"hr\",\"margin\":\"xlarge\"}},{\"type\":\"headline\",\"props\":{\"content\":\"\n\n<p>NOTARE F\\u00dcR IHRE<br \\\/>PERS\\u00d6NLICHEN ANGELEGENHEITEN<\\\/p>\",\"position\":\"relative\",\"position_top\":\"-330\",\"text_align\":\"center\",\"title_element\":\"h1\",\"title_style\":\"heading-small\",\"visibility\":\"m\"}},{\"type\":\"headline\",\"props\":{\"content\":\"\n\n<p>NOTARE F\\u00dcR IHRE<br \\\/>PERS\\u00d6NLICHEN ANGELEGENHEITEN<\\\/p>\",\"position_top\":\"-330\",\"text_align\":\"center\",\"title_element\":\"h1\",\"title_style\":\"heading-small\",\"visibility\":\"hidden-m\"}},{\"type\":\"headline\",\"props\":{\"content\":\"TELEFON: 04731 - 60 51<br \\\/>E-MAIL: INFO@SCHUHR-ANWAELTE.DE\",\"position\":\"relative\",\"position_top\":\"-330\",\"text_align\":\"center\",\"title_element\":\"h1\",\"title_style\":\"h5\",\"visibility\":\"m\"}},{\"type\":\"headline\",\"props\":{\"content\":\"TELEFON: 04731 - 60 51<br \\\/>E-MAIL: INFO@SCHUHR-ANWAELTE.DE\",\"position_top\":\"-330\",\"text_align\":\"center\",\"title_element\":\"h1\",\"title_style\":\"h5\",\"visibility\":\"hidden-m\"}}]}],\"props\":{\"column_gap\":\"collapse\",\"layout\":\"1-2,1-2\",\"margin_remove_bottom\":false,\"match\":false,\"row_gap\":\"collapse\",\"width\":\"expand\"}}]},{\"type\":\"section\",\"props\":{\"image_position\":\"center-center\",\"padding_remove_horizontal\":false,\"style\":\"secondary\",\"title_breakpoint\":\"xl\",\"title_position\":\"top-left\",\"title_rotation\":\"left\",\"vertical_align\":\"middle\",\"width\":\"expand\"},\"children\":[{\"type\":\"row\",\"children\":[{\"type\":\"column\",\"props\":{\"image_position\":\"center-center\",\"position_sticky_breakpoint\":\"m\"},\"children\":[{\"type\":\"grid\",\"props\":{\"content_column_breakpoint\":\"m\",\"content_margin\":\"remove\",\"filter_align\":\"left\",\"filter_all\":true,\"filter_grid_breakpoint\":\"m\",\"filter_grid_width\":\"auto\",\"filter_position\":\"top\",\"filter_style\":\"tab\",\"grid_column_align\":false,\"grid_column_gap\":\"medium\",\"grid_default\":\"1\",\"grid_medium\":\"4\",\"grid_row_align\":false,\"grid_row_gap\":\"medium\",\"icon_width\":80,\"image_align\":\"top\",\"image_grid_breakpoint\":\"m\",\"image_grid_width\":\"1-2\",\"image_svg_color\":\"emphasis\",\"item_animation\":true,\"link_style\":\"default\",\"link_text\":\"\",\"margin\":\"default\",\"meta_align\":\"below-title\",\"meta_element\":\"div\",\"meta_style\":\"text-meta\",\"panel_link\":true,\"panel_padding\":\"small\",\"panel_style\":\"card-secondary\",\"parallax_easing\":\"1\",\"show_content\":true,\"show_image\":false,\"show_link\":true,\"show_meta\":false,\"show_title\":true,\"text_align\":\"center\",\"title_align\":\"top\",\"title_element\":\"h3\",\"title_grid_breakpoint\":\"m\",\"title_grid_width\":\"1-2\",\"title_hover_style\":\"reset\",\"title_style\":\"h2\"},\"children\":[{\"type\":\"grid_item\",\"props\":{\"content\":\"\n\n<p>Rechtsanwalt &amp; Notar<\\\/p>\",\"link\":\"http:\\\/\\\/schuhr-anwaelte.de\\\/index.php\\\/anwaelte\\\/#richter\",\"meta\":\"\",\"title\":\"J. Richter\"}},{\"type\":\"grid_item\",\"props\":{\"content\":\"\n\n<p>Rechtsanwalt &amp; Notar<\\\/p>\",\"link\":\"http:\\\/\\\/schuhr-anwaelte.de\\\/index.php\\\/anwaelte\\\/#schuhr\",\"meta\":\"\",\"title\":\"A. Schuhr\"}},{\"type\":\"grid_item\",\"props\":{\"content\":\"\n\n<p>Rechtsanwalt &amp; Notar<\\\/p>\",\"link\":\"http:\\\/\\\/schuhr-anwaelte.de\\\/index.php\\\/anwaelte\\\/#hartwich\",\"meta\":\"\",\"title\":\"S. Hartwich\"}},{\"type\":\"grid_item\",\"props\":{\"content\":\"Rechtsanw\\u00e4ltin & Notarin\",\"link\":\"http:\\\/\\\/schuhr-anwaelte.de\\\/index.php\\\/anwaelte\\\/#richter\",\"meta\":\"\",\"title\":\"L. Glevitzky \"}}]}]}]}]},{\"type\":\"section\",\"props\":{\"image\":\"wp-content\\\/uploads\\\/2020\\\/10\\\/Schuhr__DSC0743-min-scaled.jpg\",\"image_effect\":\"fixed\",\"image_position\":\"center-center\",\"image_size\":\"cover\",\"media_overlay\":\"rgba(112, 112, 112, 0.7)\",\"style\":\"primary\",\"title_breakpoint\":\"xl\",\"title_position\":\"top-left\",\"title_rotation\":\"left\",\"vertical_align\":\"middle\",\"width\":\"large\"},\"children\":[{\"type\":\"row\",\"children\":[{\"type\":\"column\",\"props\":{\"image_position\":\"center-center\",\"position_sticky_breakpoint\":\"m\"},\"children\":[{\"type\":\"headline\",\"props\":{\"content\":\"NOTARE<br \\\/>BEGLAUBIGUNGEN &amp; BEURKUNDUNGEN\",\"text_align\":\"center\",\"title_color\":\"primary\",\"title_element\":\"h1\"}}]}]},{\"type\":\"row\",\"children\":[{\"type\":\"column\",\"props\":{\"image_position\":\"center-center\",\"position_sticky_breakpoint\":\"m\"},\"children\":[{\"type\":\"text\",\"props\":{\"column\":\"1-2\",\"column_breakpoint\":\"m\",\"content\":\"\n\n<p>Als Notare begleiten wir Sie in vielen entscheidenden Situationen Ihres Lebens, sei es beim Kauf oder Verkauf einer Immobilie, dem Abschluss eines Ehevertrages, der Gestaltung Ihres Testamentes, aber z. B. auch bei der Gr\\u00fcndung oder Erwerb eines Unternehmens.<\\\/p>\\n\n\n<p>All diese Momente sind f\\u00fcr Sie nicht nur von gro\\u00dfer pers\\u00f6nlicher Bedeutung, sondern auch von weitreichender rechtlicher und wirtschaftlicher Tragweite.<\\\/p>\\n\n\n<p>Aus diesem Grund ist die Beteiligung eines Notars sogar vielfach gesetzlich vorgeschrieben.<\\\/p>\\n\n\n<p>Die notarielle Beratung bietet die Gew\\u00e4hr f\\u00fcr die sichere rechtliche Umsetzung ihrer W\\u00fcnsche und vermeidet rechtliche Risiken.<\\\/p>\\n\n\n<p>Als\\u00a0Notare\\u00a0sind wir dabei Tr\\u00e4ger eines \\u00f6ffentlichen Amtes. Das bedeutet, dass wir unparteiisch beraten, die berechtigten Interessen aller Beteiligten ber\\u00fccksichtigen und zum Ausgleich bringen m\\u00fcssen.<\\\/p>\\n\n\n<p>Wir und unsere Mitarbeiterinnen machen es uns zur Aufgabe, f\\u00fcr Sie freundlich, kompetent und schnell t\\u00e4tig zu sein. Dabei stellen wir die pers\\u00f6nliche Beratung in den Vordergrund, mit dem Ziel, individuelle L\\u00f6sungen f\\u00fcr Ihre Situation zu finden.<\\\/p>\\n\n\n<p>Notarielle Dienstleitungen erbringen wir insbesondere in den Bereichen des Immobilien- und Gesellschaftsrechtes sowie des Erb- und Familienrechtes. Dazu geh\\u00f6ren typischerweise:<\\\/p>\\n\n\n<ul>\\n\n\n<li>der Kauf und Verkauf von Immobilien jeglicher Art<br \\\/>(z.B. H\\u00e4user, Baupl\\u00e4tze, Eigentumswohnungen, Erbbaurechte)<\\\/li>\\n\n\n<li>Bestellung und L\\u00f6schung von Grundst\\u00fccksrechten, z.B. Grundschulden, Hypotheken, Dienstbarkeiten<\\\/li>\\n\n\n<li>Bildung von Wohnungseigentum, Bautr\\u00e4gervertr\\u00e4ge<\\\/li>\\n\n\n<li>Grundbesitz\\u00fcbertragungen<\\\/li>\\n\n\n<li>Testamente, Erbvertr\\u00e4ge,<\\\/li>\\n\n\n<li>Erbscheinsantr\\u00e4ge und Erbauseinandersetzungsvertr\\u00e4ge<\\\/li>\\n\n\n<li>die Gr\\u00fcndung von Gesellschaften, insbesondere von GmbH, GmbH &amp; Co. KG und UG, einschlie\\u00dflich der \\u00c4nderung von Gesellschaftsvertr\\u00e4gen bzw. Satzungen,<\\\/li>\\n\n\n<li>alle Anmeldungen zu Registergerichten, wie Handels-, Vereins- und Genossenschaftsregister<\\\/li>\\n\n\n<li>Vollmachten, insbesondere auch Vorsorge-\\\/Generalvollmachten und Patientenverf\\u00fcgungen<\\\/li>\\n\n\n<li>Ehevertr\\u00e4ge, Partnerschaftsvertr\\u00e4ge und Ehescheidungsfolgenvereinbarungen<\\\/li>\\n\n\n<li>\\u00f6ffentliche Beglaubigungen und beglaubigte Kopien<\\\/li>\\n<\\\/ul>\",\"margin\":\"default\",\"text_color\":\"primary\"}}]}]}],\"name\":\"Section-grey\"}],\"version\":\"4.2.9\"} --><\/p>\n","protected":false},"excerpt":{"rendered":"<p>NOTARE F\u00dcR IHREPERS\u00d6NLICHEN ANGELEGENHEITEN NOTARE F\u00dcR IHREPERS\u00d6NLICHEN ANGELEGENHEITEN TELEFON: 04731 &#8211; 60 51E-MAIL: INFO@SCHUHR-ANWAELTE.DE TELEFON: 04731 &#8211; 60 51E-MAIL: INFO@SCHUHR-ANWAELTE.DE J. Richter Rechtsanwalt &amp; Notar A. Schuhr Rechtsanwalt &amp; Notar S. Hartwich Rechtsanwalt &amp; Notar L. Glevitzky Rechtsanw\u00e4ltin &#038; Notarin NOTAREBEGLAUBIGUNGEN &amp; BEURKUNDUNGEN Als Notare begleiten wir Sie in vielen entscheidenden Situationen Ihres Lebens, sei [&hellip;]<\/p>\n","protected":false},"author":1,"featured_media":0,"parent":0,"menu_order":0,"comment_status":"closed","ping_status":"closed","template":"","meta":{"footnotes":""},"_links":{"self":[{"href":"https:\/\/schuhr-anwaelte.de\/index.php\/wp-json\/wp\/v2\/pages\/213"}],"collection":[{"href":"https:\/\/schuhr-anwaelte.de\/index.php\/wp-json\/wp\/v2\/pages"}],"about":[{"href":"https:\/\/schuhr-anwaelte.de\/index.php\/wp-json\/wp\/v2\/types\/page"}],"author":[{"embeddable":true,"href":"https:\/\/schuhr-anwaelte.de\/index.php\/wp-json\/wp\/v2\/users\/1"}],"replies":[{"embeddable":true,"href":"https:\/\/schuhr-anwaelte.de\/index.php\/wp-json\/wp\/v2\/comments?post=213"}],"version-history":[{"count":62,"href":"https:\/\/schuhr-anwaelte.de\/index.php\/wp-json\/wp\/v2\/pages\/213\/revisions"}],"predecessor-version":[{"id":1308,"href":"https:\/\/schuhr-anwaelte.de\/index.php\/wp-json\/wp\/v2\/pages\/213\/revisions\/1308"}],"wp:attachment":[{"href":"https:\/\/schuhr-anwaelte.de\/index.php\/wp-json\/wp\/v2\/media?parent=213"}],"curies":[{"name":"wp","href":"https:\/\/api.w.org\/{rel}","templated":true}]}}